{"id":18,"date":"2023-07-16T16:20:40","date_gmt":"2023-07-16T14:20:40","guid":{"rendered":"https:\/\/www.seilung.de\/?page_id=18"},"modified":"2025-09-13T11:04:58","modified_gmt":"2025-09-13T09:04:58","slug":"impressum","status":"publish","type":"page","link":"https:\/\/www.seilung.de\/en\/impressum\/","title":{"rendered":"Imprint"},"content":{"rendered":"<div data-elementor-type=\"wp-page\" data-elementor-id=\"18\" class=\"elementor elementor-18\">\n\t\t\t\t\t\t<section class=\"elementor-section elementor-top-section elementor-element elementor-element-c965353 elementor-section-boxed elementor-section-height-default elementor-section-height-default\" data-id=\"c965353\" data-element_type=\"section\" data-e-type=\"section\">\n\t\t\t\t\t\t<div class=\"elementor-container elementor-column-gap-default\">\n\t\t\t\t\t<div class=\"elementor-column elementor-col-100 elementor-top-column elementor-element elementor-element-3eaa695\" data-id=\"3eaa695\" data-element_type=\"column\" data-e-type=\"column\">\n\t\t\t<div class=\"elementor-widget-wrap elementor-element-populated\">\n\t\t\t\t\t\t<div class=\"elementor-element elementor-element-58ac51e elementor-widget-divider--view-line elementor-widget elementor-widget-divider\" data-id=\"58ac51e\" data-element_type=\"widget\" data-e-type=\"widget\" data-widget_type=\"divider.default\">\n\t\t\t\t<div class=\"elementor-widget-container\">\n\t\t\t\t\t\t\t<div class=\"elementor-divider\">\n\t\t\t<span class=\"elementor-divider-separator\">\n\t\t\t\t\t\t<\/span>\n\t\t<\/div>\n\t\t\t\t\t\t<\/div>\n\t\t\t\t<\/div>\n\t\t\t\t\t<\/div>\n\t\t<\/div>\n\t\t\t\t\t<\/div>\n\t\t<\/section>\n\t\t\t\t<section class=\"elementor-section elementor-top-section elementor-element elementor-element-f5d99bc elementor-section-full_width elementor-section-height-default elementor-section-height-default\" data-id=\"f5d99bc\" data-element_type=\"section\" data-e-type=\"section\" data-settings=\"{&quot;background_background&quot;:&quot;gradient&quot;}\">\n\t\t\t\t\t\t<div class=\"elementor-container elementor-column-gap-default\">\n\t\t\t\t\t<div class=\"elementor-column elementor-col-100 elementor-top-column elementor-element elementor-element-5257d29\" data-id=\"5257d29\" data-element_type=\"column\" data-e-type=\"column\">\n\t\t\t<div class=\"elementor-widget-wrap elementor-element-populated\">\n\t\t\t\t\t\t<section class=\"elementor-section elementor-inner-section elementor-element elementor-element-fc5e360 elementor-section-boxed elementor-section-height-default elementor-section-height-default\" data-id=\"fc5e360\" data-element_type=\"section\" data-e-type=\"section\">\n\t\t\t\t\t\t<div class=\"elementor-container elementor-column-gap-default\">\n\t\t\t\t\t<div class=\"elementor-column elementor-col-50 elementor-inner-column elementor-element elementor-element-68aebcc\" data-id=\"68aebcc\" data-element_type=\"column\" data-e-type=\"column\">\n\t\t\t<div class=\"elementor-widget-wrap elementor-element-populated\">\n\t\t\t\t\t\t<div class=\"elementor-element elementor-element-6c9f991 elementor-widget elementor-widget-text-editor\" data-id=\"6c9f991\" data-element_type=\"widget\" data-e-type=\"widget\" data-widget_type=\"text-editor.default\">\n\t\t\t\t<div class=\"elementor-widget-container\">\n\t\t\t\t\t\t\t\t\t<\/br>\t\t\t\t\t\t\t\t<\/div>\n\t\t\t\t<\/div>\n\t\t\t\t<div class=\"elementor-element elementor-element-685fac1 elementor-widget elementor-widget-heading\" data-id=\"685fac1\" data-element_type=\"widget\" data-e-type=\"widget\" data-widget_type=\"heading.default\">\n\t\t\t\t<div class=\"elementor-widget-container\">\n\t\t\t\t\t<h1 class=\"elementor-heading-title elementor-size-default\">Imprint<\/h1>\t\t\t\t<\/div>\n\t\t\t\t<\/div>\n\t\t\t\t<div class=\"elementor-element elementor-element-8624df7 elementor-widget elementor-widget-text-editor\" data-id=\"8624df7\" data-element_type=\"widget\" data-e-type=\"widget\" data-widget_type=\"text-editor.default\">\n\t\t\t\t<div class=\"elementor-widget-container\">\n\t\t\t\t\t\t\t\t\t<\/br>\t\t\t\t\t\t\t\t<\/div>\n\t\t\t\t<\/div>\n\t\t\t\t\t<\/div>\n\t\t<\/div>\n\t\t\t\t<div class=\"elementor-column elementor-col-50 elementor-inner-column elementor-element elementor-element-2a31b96\" data-id=\"2a31b96\" data-element_type=\"column\" data-e-type=\"column\">\n\t\t\t<div class=\"elementor-widget-wrap elementor-element-populated\">\n\t\t\t\t\t\t<div class=\"elementor-element elementor-element-fa314f0 elementor-hidden-mobile elementor-widget elementor-widget-text-editor\" data-id=\"fa314f0\" data-element_type=\"widget\" data-e-type=\"widget\" data-widget_type=\"text-editor.default\">\n\t\t\t\t<div class=\"elementor-widget-container\">\n\t\t\t\t\t\t\t\t\t<\/br>\t\t\t\t\t\t\t\t<\/div>\n\t\t\t\t<\/div>\n\t\t\t\t<div class=\"elementor-element elementor-element-806742c elementor-widget elementor-widget-text-editor\" data-id=\"806742c\" data-element_type=\"widget\" data-e-type=\"widget\" data-widget_type=\"text-editor.default\">\n\t\t\t\t<div class=\"elementor-widget-container\">\n\t\t\t\t\t\t\t\t\t<\/br>\t\t\t\t\t\t\t\t<\/div>\n\t\t\t\t<\/div>\n\t\t\t\t\t<\/div>\n\t\t<\/div>\n\t\t\t\t\t<\/div>\n\t\t<\/section>\n\t\t\t\t\t<\/div>\n\t\t<\/div>\n\t\t\t\t\t<\/div>\n\t\t<\/section>\n\t\t\t\t<section class=\"elementor-section elementor-top-section elementor-element elementor-element-93c98b9 elementor-section-boxed elementor-section-height-default elementor-section-height-default\" data-id=\"93c98b9\" data-element_type=\"section\" data-e-type=\"section\">\n\t\t\t\t\t\t<div class=\"elementor-container elementor-column-gap-default\">\n\t\t\t\t\t<div class=\"elementor-column elementor-col-100 elementor-top-column elementor-element elementor-element-a4c0198\" data-id=\"a4c0198\" data-element_type=\"column\" data-e-type=\"column\">\n\t\t\t<div class=\"elementor-widget-wrap elementor-element-populated\">\n\t\t\t\t\t\t<div class=\"elementor-element elementor-element-b3ac6ff elementor-widget elementor-widget-text-editor\" data-id=\"b3ac6ff\" data-element_type=\"widget\" data-e-type=\"widget\" data-widget_type=\"text-editor.default\">\n\t\t\t\t<div class=\"elementor-widget-container\">\n\t\t\t\t\t\t\t\t\t<h1>Imprint<\/h1><h2>Angaben gem\u00e4\u00df \u00a7 5 TMG<\/h2><p>Marcus Kramh\u00f6ller<br \/>Ichi Taikan &#8211; K\u00f6rperkunst (Einzelunternehmer)<br \/>N\u00fcrnberger Stra\u00dfe 22a<br \/>91301 Forchheim<\/p><h2>Contact<\/h2><p>Telefon: +49 (0) 1515 988 12 75<br \/>E-Mail: info@Seilung.de<\/p><h2>Umsatzsteuer-ID<\/h2><p>Umsatzsteuer-Identifikationsnummer gem\u00e4\u00df \u00a7 27 a Umsatzsteuergesetz:<br \/>DE 365 045 301<\/p><h2>Berufsbezeichnung und berufsrechtliche Regelungen<\/h2><p>Berufsbezeichnung:<br \/>anderer Beruf<\/p><h2>Angaben zur Berufs\u00adhaftpflicht\u00adversicherung<\/h2><p><strong>Name und Sitz des Versicherers:<\/strong><br \/>Continentale Sachversicherung AG<br \/>Ruhrallee 92,<br \/>44139 Dortmund<\/p><p><strong>Geltungsraum der Versicherung:<\/strong><br \/>Inland (Deutschland) und Aus\u00fcbung der beruflichen T\u00e4tigkeit im Europ\u00e4ischen Ausland, sofern diese nur gelegentlich und\/oder zeitlich befristet erfolgt und keine eigene Praxis unterhalten wird.<br \/>Als Dozent im Inland (Deutschland) und aus gelegentlicher<br \/>Dozentent\u00e4tigkeit im Ausland.<\/p><h2>Redaktionell verantwortlich<\/h2><p>Marcus Kramh\u00f6ller<br \/>N\u00fcrnberger Stra\u00dfe 22a<br \/>91301 Forchheim<\/p><h2>EU-Streitschlichtung<\/h2><p>Die Europ\u00e4ische Kommission stellt eine Plattform zur Online-Streitbeilegung (OS) bereit: <a href=\"https:\/\/ec.europa.eu\/consumers\/odr\/\" target=\"_blank\" rel=\"noopener noreferrer\">https:\/\/ec.europa.eu\/consumers\/odr\/<\/a>.<br \/>Unsere E-Mail-Adresse finden Sie oben im<br \/>Impressum.<\/p><h2>Verbraucher\u00adstreit\u00adbeilegung\/Universal\u00adschlichtungs\u00adstelle<\/h2><p>Wir nehmen an einem Streitbeilegungsverfahren vor einer Verbraucherschlichtungsstelle teil. Zust\u00e4ndig<br \/>ist die Universalschlichtungsstelle des Zentrums f\u00fcr Schlichtung e.V., Stra\u00dfburger Stra\u00dfe 8, 77694<br \/>Kehl am Rhein (<a href=\"https:\/\/www.verbraucher-schlichter.de\" target=\"_blank\" rel=\"noopener noreferrer\">https:\/\/www.verbraucher-schlichter.de<\/a>).<\/p>\t\t\t\t\t\t\t\t<\/div>\n\t\t\t\t<\/div>\n\t\t\t\t<div class=\"elementor-element elementor-element-e21b817 elementor-widget elementor-widget-text-editor\" data-id=\"e21b817\" data-element_type=\"widget\" data-e-type=\"widget\" data-widget_type=\"text-editor.default\">\n\t\t\t\t<div class=\"elementor-widget-container\">\n\t\t\t\t\t\t\t\t\t<h2>Quelle:<\/h2><p><a href=\"https:\/\/www.e-recht24.de\">https:\/\/www.e-recht24.de<\/a><\/p>\t\t\t\t\t\t\t\t<\/div>\n\t\t\t\t<\/div>\n\t\t\t\t<div class=\"elementor-element elementor-element-27fd35d elementor-widget elementor-widget-text-editor\" data-id=\"27fd35d\" data-element_type=\"widget\" data-e-type=\"widget\" data-widget_type=\"text-editor.default\">\n\t\t\t\t<div class=\"elementor-widget-container\">\n\t\t\t\t\t\t\t\t\t<h2>Geltungsbereich des Impressums<\/h2><p>Dieses Impressum gilt f\u00fcr die Webseite <a href=\"http:\/\/www.Seilung.de\" target=\"_new\">www.Seilung.de<\/a>, <br \/>und f\u00fcr die Profile des Einzelunternehmens \u201eIchi Taikan \u2013 K\u00f6rperkunst\u201c <br \/>und f\u00fcr die Profile, die unter dem Namen Marcus Kramh\u00f6ller <br \/>und dem K\u00fcnstlernamen Ichi Taikan auf folgenden sozialen Medien gef\u00fchrt werden:<\/p><ul><li>Facebook: https:\/\/www.facebook.com\/Seilung.de\/<br \/>\u00a0\u00a0\u00a0\u00a0\u00a0\u00a0\u00a0\u00a0\u00a0\u00a0\u00a0\u00a0\u00a0\u00a0\u00a0\u00a0\u00a0\u00a0\u00a0 https:\/\/www.facebook.com\/profile.php?id=100094675496890<\/li><li>Instagram: https:\/\/www.instagram.com\/seilung.de\/<br \/>\u00a0\u00a0\u00a0\u00a0\u00a0\u00a0\u00a0\u00a0\u00a0\u00a0\u00a0\u00a0\u00a0\u00a0\u00a0\u00a0\u00a0\u00a0\u00a0 https:\/\/www.instagram.com\/ichi.taikan\/<\/li><li>Youtube: https:\/\/www.youtube.com\/@Seilung<\/li><li>Joyclub: https:\/\/www.joyclub.de\/profile\/10174314.seilung.html<\/li><li>LinkedIn: https:\/\/www.linkedin.com\/company\/ichi-taikan-k%C3%B6rperkunst\/<\/li><li>Twitter \/ X: https:\/\/twitter.com\/IchiTaikan<\/li><li>sowie weitere soziale Medien die auf dieses Impressum verweisen.<\/li><\/ul><h1>Bildrechte<\/h1><p>S\u00e4mtliche Inhalte und Fotografien auf <a href=\"http:\/\/www.seilung.de\/en\/\" target=\"_new\">www.seilung.de<\/a> sind, sofern nicht anders angegeben, Eigentum von Marcus Kramh\u00f6ller und d\u00fcrfen ohne vorherige schriftliche Zustimmung nicht reproduziert, verbreitet oder anderweitig verwendet werden.<\/p><p>Speziell die Fotografien auf der Unterseite <a href=\"https:\/\/www.seilung.de\/en\/shibari-session\/\">https:\/\/www.seilung.de\/shibari-session\/<\/a> stammen von JaneJane von JaneJane Fotografie. Die Verwendung dieser Bilder auf <a href=\"http:\/\/www.seilung.de\/en\/\" target=\"_new\">www.seilung.de<\/a> erfolgt mit ausdr\u00fccklicher Genehmigung von JaneJane. Jegliche weitere Verwendung, Reproduktion oder Verteilung dieser Bilder ohne die ausdr\u00fcckliche Zustimmung von JaneJane Fotografie ist strengstens untersagt.<br \/><br \/>Bilder, die mithilfe des DALL-E Plugins von OpenAI erstellt wurden, sind Eigentum von Marcus Kramh\u00f6ller und wurden durch das DALL-E Modell generiert. Die Verwendung dieser Bilder auf <a href=\"http:\/\/www.seilung.de\/en\/\" target=\"_new\" rel=\"noreferrer\">www.seilung.de<\/a> erfolgt gem\u00e4\u00df den <a href=\"https:\/\/openai.com\/policies\" target=\"_new\" rel=\"noreferrer\">Nutzungsbedingungen von OpenAI<\/a>. Jegliche weitere Verwendung, Reproduktion oder Verteilung dieser Bilder ohne ausdr\u00fcckliche Zustimmung von Marcus Kramh\u00f6ller ist strengstens untersagt.<\/p><p>Sollten Sie Interesse an der Verwendung eines der Bilder oder Inhalte von <a href=\"http:\/\/www.seilung.de\/en\/\" target=\"_new\">www.seilung.de<\/a> haben, kontaktieren Sie bitte Marcus Kramh\u00f6ller zur Kl\u00e4rung der Nutzungsrechte.<\/p><h1>Disclaimer:<\/h1><p>Die Inhalte dieser Website wurden mit gr\u00f6\u00dftm\u00f6glicher Sorgfalt erstellt. Wir \u00fcbernehmen jedoch keine Gew\u00e4hr f\u00fcr die Richtigkeit, Vollst\u00e4ndigkeit und Aktualit\u00e4t der bereitgestellten Inhalte. Die Nutzung der Inhalte der Website erfolgt auf eigene Gefahr des Nutzers. F\u00fcr etwaige Sch\u00e4den, die beim Aufrufen oder Herunterladen von Daten durch Computerviren oder der Installation oder Nutzung von Software verursacht werden, wird nicht gehaftet.<\/p><h2>Verweise und Links:<\/h2><p>Diese Website enth\u00e4lt Verweise auf Websites Dritter (\u201eexterne Links\u201c). Diese Websites unterliegen der Haftung der jeweiligen Betreiber. Wir haben bei der erstmaligen Verkn\u00fcpfung der externen Links die fremden Inhalte daraufhin \u00fcberpr\u00fcft, ob etwaige Rechtsverst\u00f6\u00dfe bestehen. Zu diesem Zeitpunkt waren keine Rechtsverst\u00f6\u00dfe ersichtlich. Eine st\u00e4ndige \u00dcberpr\u00fcfung der externen Links ist ohne konkrete Anhaltspunkte auf Rechtsverst\u00f6\u00dfe nicht zumutbar. Bei Bekanntwerden von Rechtsverletzungen werden wir derartige Links jedoch umgehend entfernen.<\/p><h2>Urheber- und Leistungsschutzrechte:<\/h2><p>Die auf dieser Website ver\u00f6ffentlichten Inhalte unterliegen dem deutschen Urheber- und Leistungsschutzrecht. Jede vom deutschen Urheber- und Leistungsschutzrecht nicht zugelassene Verwertung bedarf der vorherigen schriftlichen Zustimmung des Anbieters oder jeweiligen Rechteinhabers. Dies gilt insbesondere f\u00fcr Vervielf\u00e4ltigung, Bearbeitung, \u00dcbersetzung, Einspeicherung, Verarbeitung bzw. Wiedergabe von Inhalten in Datenbanken oder anderen elektronischen Medien und Systemen. Inhalte und Rechte Dritter sind dabei als solche gekennzeichnet. Die unerlaubte Vervielf\u00e4ltigung oder Weitergabe einzelner Inhalte oder kompletter Seiten ist nicht gestattet und strafbar. Lediglich die Herstellung von Kopien und Downloads f\u00fcr den pers\u00f6nlichen, privaten und nicht kommerziellen Gebrauch ist erlaubt.<\/p>\t\t\t\t\t\t\t\t<\/div>\n\t\t\t\t<\/div>\n\t\t\t\t\t<\/div>\n\t\t<\/div>\n\t\t\t\t\t<\/div>\n\t\t<\/section>\n\t\t\t\t<\/div>","protected":false},"excerpt":{"rendered":"<p>Impressum Impressum Angaben gem\u00e4\u00df \u00a7 5 TMG Marcus Kramh\u00f6llerIchi Taikan &#8211; K\u00f6rperkunst (Einzelunternehmer)N\u00fcrnberger Stra\u00dfe 22a91301 Forchheim Kontakt Telefon: +49 (0) 1515 988 12 75E-Mail: info@Seilung.de Umsatzsteuer-ID Umsatzsteuer-Identifikationsnummer gem\u00e4\u00df \u00a7 27 a Umsatzsteuergesetz:DE 365 045 301 Berufsbezeichnung und berufsrechtliche Regelungen Berufsbezeichnung:anderer Beruf Angaben zur Berufs\u00adhaftpflicht\u00adversicherung Name und Sitz des Versicherers:Continentale Sachversicherung AGRuhrallee 92,44139 Dortmund Geltungsraum der [&hellip;]<\/p>\n","protected":false},"author":1,"featured_media":0,"parent":0,"menu_order":0,"comment_status":"closed","ping_status":"closed","template":"elementor_header_footer","meta":{"footnotes":""},"class_list":["post-18","page","type-page","status-publish","hentry"],"blocksy_meta":[],"yoast_head":"<!-- This site is optimized with the Yoast SEO plugin v27.5 - https:\/\/yoast.com\/product\/yoast-seo-wordpress\/ -->\n<title>Impressum - Seilung - Ichi Taikan - K\u00f6rperkunst: Entdecke die fesselnde Welt des Shibari<\/title>\n<meta name=\"description\" content=\"Impressum ImpressumAngaben gem\u00e4\u00df \u00a7 5 TMGMarcus Kramh\u00f6llerIchi Taikan - K\u00f6rperkunst (Einzelunternehmer)N\u00fcrnberger Stra\u00dfe 22a91301 ForchheimKontaktTelefon:\" \/>\n<meta name=\"robots\" content=\"index, follow, max-snippet:-1, max-image-preview:large, max-video-preview:-1\" \/>\n<link rel=\"canonical\" href=\"https:\/\/www.seilung.de\/en\/impressum\/\" \/>\n<meta property=\"og:locale\" content=\"en_GB\" \/>\n<meta property=\"og:type\" content=\"article\" \/>\n<meta property=\"og:title\" content=\"Impressum - Seilung - Ichi Taikan - K\u00f6rperkunst: Entdecke die fesselnde Welt des Shibari\" \/>\n<meta property=\"og:description\" content=\"Impressum ImpressumAngaben gem\u00e4\u00df \u00a7 5 TMGMarcus Kramh\u00f6llerIchi Taikan - K\u00f6rperkunst (Einzelunternehmer)N\u00fcrnberger Stra\u00dfe 22a91301 ForchheimKontaktTelefon:\" \/>\n<meta property=\"og:url\" content=\"https:\/\/www.seilung.de\/en\/impressum\/\" \/>\n<meta property=\"og:site_name\" content=\"Seilung - Ichi Taikan - K\u00f6rperkunst: Entdecke die fesselnde Welt des Shibari\" \/>\n<meta property=\"article:publisher\" content=\"https:\/\/www.facebook.com\/Seilung.de\" \/>\n<meta property=\"article:modified_time\" content=\"2025-09-13T09:04:58+00:00\" \/>\n<meta property=\"og:image\" content=\"https:\/\/www.seilung.de\/wp-content\/uploads\/2023\/12\/Banner_SEO_001.png\" \/>\n\t<meta property=\"og:image:width\" content=\"1200\" \/>\n\t<meta property=\"og:image:height\" content=\"630\" \/>\n\t<meta property=\"og:image:type\" content=\"image\/png\" \/>\n<meta name=\"twitter:card\" content=\"summary_large_image\" \/>\n<meta name=\"twitter:site\" content=\"@IchiTaikan\" \/>\n<meta name=\"twitter:label1\" content=\"Estimated reading time\" \/>\n\t<meta name=\"twitter:data1\" content=\"4 minutes\" \/>\n<script type=\"application\/ld+json\" class=\"yoast-schema-graph\">{\"@context\":\"https:\\\/\\\/schema.org\",\"@graph\":[{\"@type\":\"WebPage\",\"@id\":\"https:\\\/\\\/www.seilung.de\\\/impressum\\\/\",\"url\":\"https:\\\/\\\/www.seilung.de\\\/impressum\\\/\",\"name\":\"Impressum - Seilung - Ichi Taikan - K\u00f6rperkunst: Entdecke die fesselnde Welt des Shibari\",\"isPartOf\":{\"@id\":\"https:\\\/\\\/www.seilung.de\\\/#website\"},\"datePublished\":\"2023-07-16T14:20:40+00:00\",\"dateModified\":\"2025-09-13T09:04:58+00:00\",\"description\":\"Impressum ImpressumAngaben gem\u00e4\u00df \u00a7 5 TMGMarcus Kramh\u00f6llerIchi Taikan - K\u00f6rperkunst (Einzelunternehmer)N\u00fcrnberger Stra\u00dfe 22a91301 ForchheimKontaktTelefon:\",\"breadcrumb\":{\"@id\":\"https:\\\/\\\/www.seilung.de\\\/impressum\\\/#breadcrumb\"},\"inLanguage\":\"en-GB\",\"potentialAction\":[{\"@type\":\"ReadAction\",\"target\":[\"https:\\\/\\\/www.seilung.de\\\/impressum\\\/\"]}]},{\"@type\":\"BreadcrumbList\",\"@id\":\"https:\\\/\\\/www.seilung.de\\\/impressum\\\/#breadcrumb\",\"itemListElement\":[{\"@type\":\"ListItem\",\"position\":1,\"name\":\"Startseite\",\"item\":\"https:\\\/\\\/www.seilung.de\\\/\"},{\"@type\":\"ListItem\",\"position\":2,\"name\":\"Impressum\"}]},{\"@type\":\"WebSite\",\"@id\":\"https:\\\/\\\/www.seilung.de\\\/#website\",\"url\":\"https:\\\/\\\/www.seilung.de\\\/\",\"name\":\"www.Seilung.de\",\"description\":\"Shibari Sessions, Workshops und Veranstaltungen, Welnness und Lomi Lomi Nui Massagen im Gro\u00dfraum N\u00fcrnberg\",\"publisher\":{\"@id\":\"https:\\\/\\\/www.seilung.de\\\/#organization\"},\"potentialAction\":[{\"@type\":\"SearchAction\",\"target\":{\"@type\":\"EntryPoint\",\"urlTemplate\":\"https:\\\/\\\/www.seilung.de\\\/?s={search_term_string}\"},\"query-input\":{\"@type\":\"PropertyValueSpecification\",\"valueRequired\":true,\"valueName\":\"search_term_string\"}}],\"inLanguage\":\"en-GB\"},{\"@type\":\"Organization\",\"@id\":\"https:\\\/\\\/www.seilung.de\\\/#organization\",\"name\":\"Ichi Taikan - K\u00f6rperkunst\",\"url\":\"https:\\\/\\\/www.seilung.de\\\/\",\"logo\":{\"@type\":\"ImageObject\",\"inLanguage\":\"en-GB\",\"@id\":\"https:\\\/\\\/www.seilung.de\\\/#\\\/schema\\\/logo\\\/image\\\/\",\"url\":\"https:\\\/\\\/www.seilung.de\\\/wp-content\\\/uploads\\\/2023\\\/07\\\/Logo-2.png\",\"contentUrl\":\"https:\\\/\\\/www.seilung.de\\\/wp-content\\\/uploads\\\/2023\\\/07\\\/Logo-2.png\",\"width\":500,\"height\":500,\"caption\":\"Ichi Taikan - K\u00f6rperkunst\"},\"image\":{\"@id\":\"https:\\\/\\\/www.seilung.de\\\/#\\\/schema\\\/logo\\\/image\\\/\"},\"sameAs\":[\"https:\\\/\\\/www.facebook.com\\\/Seilung.de\",\"https:\\\/\\\/x.com\\\/IchiTaikan\",\"https:\\\/\\\/www.instagram.com\\\/ichi.taikan\\\/\",\"https:\\\/\\\/www.instagram.com\\\/Seilung.de\\\/\",\"https:\\\/\\\/www.joyclub.de\\\/profile\\\/10174314.seilung.html\",\"https:\\\/\\\/fetlife.com\\\/users\\\/13949827\",\"https:\\\/\\\/www.pinterest.de\\\/Seilung\\\/\",\"https:\\\/\\\/www.linkedin.com\\\/company\\\/ichi-taikan-krperkunst\\\/\"]}]}<\/script>\n<!-- \/ Yoast SEO plugin. -->","yoast_head_json":{"title":"Impressum - Seilung - Ichi Taikan - K\u00f6rperkunst: Entdecke die fesselnde Welt des Shibari","description":"Impressum ImpressumAngaben gem\u00e4\u00df \u00a7 5 TMGMarcus Kramh\u00f6llerIchi Taikan - K\u00f6rperkunst (Einzelunternehmer)N\u00fcrnberger Stra\u00dfe 22a91301 ForchheimKontaktTelefon:","robots":{"index":"index","follow":"follow","max-snippet":"max-snippet:-1","max-image-preview":"max-image-preview:large","max-video-preview":"max-video-preview:-1"},"canonical":"https:\/\/www.seilung.de\/en\/impressum\/","og_locale":"en_GB","og_type":"article","og_title":"Impressum - Seilung - Ichi Taikan - K\u00f6rperkunst: Entdecke die fesselnde Welt des Shibari","og_description":"Impressum ImpressumAngaben gem\u00e4\u00df \u00a7 5 TMGMarcus Kramh\u00f6llerIchi Taikan - K\u00f6rperkunst (Einzelunternehmer)N\u00fcrnberger Stra\u00dfe 22a91301 ForchheimKontaktTelefon:","og_url":"https:\/\/www.seilung.de\/en\/impressum\/","og_site_name":"Seilung - Ichi Taikan - K\u00f6rperkunst: Entdecke die fesselnde Welt des Shibari","article_publisher":"https:\/\/www.facebook.com\/Seilung.de","article_modified_time":"2025-09-13T09:04:58+00:00","og_image":[{"width":1200,"height":630,"url":"https:\/\/www.seilung.de\/wp-content\/uploads\/2023\/12\/Banner_SEO_001.png","type":"image\/png"}],"twitter_card":"summary_large_image","twitter_site":"@IchiTaikan","twitter_misc":{"Estimated reading time":"4 minutes"},"schema":{"@context":"https:\/\/schema.org","@graph":[{"@type":"WebPage","@id":"https:\/\/www.seilung.de\/impressum\/","url":"https:\/\/www.seilung.de\/impressum\/","name":"Impressum - Seilung - Ichi Taikan - K\u00f6rperkunst: Entdecke die fesselnde Welt des Shibari","isPartOf":{"@id":"https:\/\/www.seilung.de\/#website"},"datePublished":"2023-07-16T14:20:40+00:00","dateModified":"2025-09-13T09:04:58+00:00","description":"Impressum ImpressumAngaben gem\u00e4\u00df \u00a7 5 TMGMarcus Kramh\u00f6llerIchi Taikan - K\u00f6rperkunst (Einzelunternehmer)N\u00fcrnberger Stra\u00dfe 22a91301 ForchheimKontaktTelefon:","breadcrumb":{"@id":"https:\/\/www.seilung.de\/impressum\/#breadcrumb"},"inLanguage":"en-GB","potentialAction":[{"@type":"ReadAction","target":["https:\/\/www.seilung.de\/impressum\/"]}]},{"@type":"BreadcrumbList","@id":"https:\/\/www.seilung.de\/impressum\/#breadcrumb","itemListElement":[{"@type":"ListItem","position":1,"name":"Startseite","item":"https:\/\/www.seilung.de\/"},{"@type":"ListItem","position":2,"name":"Impressum"}]},{"@type":"WebSite","@id":"https:\/\/www.seilung.de\/#website","url":"https:\/\/www.seilung.de\/","name":"www.Seilung.de","description":"Shibari Sessions, Workshops und Veranstaltungen, Welnness und Lomi Lomi Nui Massagen im Gro\u00dfraum N\u00fcrnberg","publisher":{"@id":"https:\/\/www.seilung.de\/#organization"},"potentialAction":[{"@type":"SearchAction","target":{"@type":"EntryPoint","urlTemplate":"https:\/\/www.seilung.de\/?s={search_term_string}"},"query-input":{"@type":"PropertyValueSpecification","valueRequired":true,"valueName":"search_term_string"}}],"inLanguage":"en-GB"},{"@type":"Organization","@id":"https:\/\/www.seilung.de\/#organization","name":"Ichi Taikan - Body Art","url":"https:\/\/www.seilung.de\/","logo":{"@type":"ImageObject","inLanguage":"en-GB","@id":"https:\/\/www.seilung.de\/#\/schema\/logo\/image\/","url":"https:\/\/www.seilung.de\/wp-content\/uploads\/2023\/07\/Logo-2.png","contentUrl":"https:\/\/www.seilung.de\/wp-content\/uploads\/2023\/07\/Logo-2.png","width":500,"height":500,"caption":"Ichi Taikan - K\u00f6rperkunst"},"image":{"@id":"https:\/\/www.seilung.de\/#\/schema\/logo\/image\/"},"sameAs":["https:\/\/www.facebook.com\/Seilung.de","https:\/\/x.com\/IchiTaikan","https:\/\/www.instagram.com\/ichi.taikan\/","https:\/\/www.instagram.com\/Seilung.de\/","https:\/\/www.joyclub.de\/profile\/10174314.seilung.html","https:\/\/fetlife.com\/users\/13949827","https:\/\/www.pinterest.de\/Seilung\/","https:\/\/www.linkedin.com\/company\/ichi-taikan-krperkunst\/"]}]}},"_links":{"self":[{"href":"https:\/\/www.seilung.de\/en\/wp-json\/wp\/v2\/pages\/18","targetHints":{"allow":["GET"]}}],"collection":[{"href":"https:\/\/www.seilung.de\/en\/wp-json\/wp\/v2\/pages"}],"about":[{"href":"https:\/\/www.seilung.de\/en\/wp-json\/wp\/v2\/types\/page"}],"author":[{"embeddable":true,"href":"https:\/\/www.seilung.de\/en\/wp-json\/wp\/v2\/users\/1"}],"replies":[{"embeddable":true,"href":"https:\/\/www.seilung.de\/en\/wp-json\/wp\/v2\/comments?post=18"}],"version-history":[{"count":10,"href":"https:\/\/www.seilung.de\/en\/wp-json\/wp\/v2\/pages\/18\/revisions"}],"predecessor-version":[{"id":4763,"href":"https:\/\/www.seilung.de\/en\/wp-json\/wp\/v2\/pages\/18\/revisions\/4763"}],"wp:attachment":[{"href":"https:\/\/www.seilung.de\/en\/wp-json\/wp\/v2\/media?parent=18"}],"curies":[{"name":"wp","href":"https:\/\/api.w.org\/{rel}","templated":true}]}}